{"id":4194,"date":"2025-02-06T12:23:35","date_gmt":"2025-02-06T12:23:35","guid":{"rendered":"https:\/\/yourattentionplease.eu\/modules\/"},"modified":"2025-10-21T12:25:44","modified_gmt":"2025-10-21T12:25:44","slug":"modules","status":"publish","type":"page","link":"https:\/\/yourattentionplease.eu\/pt-pt\/modules\/","title":{"rendered":"modules"},"content":{"rendered":"<style>.kb-row-layout-id4194_eb4f0a-56 > .kt-row-column-wrap{align-content:start;}:where(.kb-row-layout-id4194_eb4f0a-56 > .kt-row-column-wrap) > .wp-block-kadence-column{justify-content:start;}.kb-row-layout-id4194_eb4f0a-56 > .kt-row-column-wrap{column-gap:var(--global-kb-gap-md, 2rem);row-gap:var(--global-kb-gap-md, 2rem);max-width:var( --global-content-width, 1290px );padding-left:var(--global-content-edge-padding);padding-right:var(--global-content-edge-padding);padding-top:var(--global-kb-spacing-sm, 1.5rem);padding-bottom:var(--global-kb-spacing-sm, 1.5rem);grid-template-columns:minmax(0, 1fr);}.kb-row-layout-id4194_eb4f0a-56 > .kt-row-layout-overlay{opacity:0.30;}@media all and (max-width: 1024px){.kb-row-layout-id4194_eb4f0a-56 > .kt-row-column-wrap{grid-template-columns:minmax(0, 1fr);}}@media all and (max-width: 767px){.kb-row-layout-id4194_eb4f0a-56 > .kt-row-column-wrap{grid-template-columns:minmax(0, 1fr);}}<\/style><div class=\"kb-row-layout-wrap kb-row-layout-id4194_eb4f0a-56 alignnone wp-block-kadence-rowlayout\"><div class=\"kt-row-column-wrap kt-has-1-columns kt-row-layout-equal kt-tab-layout-inherit kt-mobile-layout-row kt-row-valign-top kb-theme-content-width\">\n<style>.kadence-column4194_88fd99-e5 > .kt-inside-inner-col,.kadence-column4194_88fd99-e5 > .kt-inside-inner-col:before{border-top-left-radius:0px;border-top-right-radius:0px;border-bottom-right-radius:0px;border-bottom-left-radius:0px;}.kadence-column4194_88fd99-e5 > .kt-inside-inner-col{column-gap:var(--global-kb-gap-sm, 1rem);}.kadence-column4194_88fd99-e5 > .kt-inside-inner-col{flex-direction:column;}.kadence-column4194_88fd99-e5 > .kt-inside-inner-col > .aligncenter{width:100%;}.kadence-column4194_88fd99-e5 > .kt-inside-inner-col:before{opacity:0.3;}.kadence-column4194_88fd99-e5{position:relative;}@media all and (max-width: 1024px){.kadence-column4194_88fd99-e5 > .kt-inside-inner-col{flex-direction:column;justify-content:center;}}@media all and (max-width: 767px){.kadence-column4194_88fd99-e5 > .kt-inside-inner-col{flex-direction:column;justify-content:center;}}<\/style>\n<div class=\"wp-block-kadence-column kadence-column4194_88fd99-e5\"><div class=\"kt-inside-inner-col\"><style>.wp-block-kadence-advancedheading.kt-adv-heading4194_e489ab-38, .wp-block-kadence-advancedheading.kt-adv-heading4194_e489ab-38[data-kb-block=\"kb-adv-heading4194_e489ab-38\"]{font-style:normal;}.wp-block-kadence-advancedheading.kt-adv-heading4194_e489ab-38 mark.kt-highlight, .wp-block-kadence-advancedheading.kt-adv-heading4194_e489ab-38[data-kb-block=\"kb-adv-heading4194_e489ab-38\"] mark.kt-highlight{font-style:normal;color:#f76a0c;-webkit-box-decoration-break:clone;box-decoration-break:clone;padding-top:0px;padding-right:0px;padding-bottom:0px;padding-left:0px;}.wp-block-kadence-advancedheading.kt-adv-heading4194_e489ab-38 img.kb-inline-image, .wp-block-kadence-advancedheading.kt-adv-heading4194_e489ab-38[data-kb-block=\"kb-adv-heading4194_e489ab-38\"] img.kb-inline-image{width:150px;vertical-align:baseline;}<\/style>\n<h2 class=\"kt-adv-heading4194_e489ab-38 wp-block-kadence-advancedheading has-theme-palette-1-color has-text-color\" data-kb-block=\"kb-adv-heading4194_e489ab-38\"><strong><em>Mergulhando na economia da aten\u00e7\u00e3o<\/em><\/strong><\/h2>\n\n\n<style>.wp-block-kadence-advancedheading.kt-adv-heading4194_d8bae1-9d, .wp-block-kadence-advancedheading.kt-adv-heading4194_d8bae1-9d[data-kb-block=\"kb-adv-heading4194_d8bae1-9d\"]{font-style:normal;}.wp-block-kadence-advancedheading.kt-adv-heading4194_d8bae1-9d mark.kt-highlight, .wp-block-kadence-advancedheading.kt-adv-heading4194_d8bae1-9d[data-kb-block=\"kb-adv-heading4194_d8bae1-9d\"] mark.kt-highlight{font-style:normal;color:#f76a0c;-webkit-box-decoration-break:clone;box-decoration-break:clone;padding-top:0px;padding-right:0px;padding-bottom:0px;padding-left:0px;}.wp-block-kadence-advancedheading.kt-adv-heading4194_d8bae1-9d img.kb-inline-image, .wp-block-kadence-advancedheading.kt-adv-heading4194_d8bae1-9d[data-kb-block=\"kb-adv-heading4194_d8bae1-9d\"] img.kb-inline-image{width:150px;vertical-align:baseline;}<\/style>\n<p class=\"kt-adv-heading4194_d8bae1-9d wp-block-kadence-advancedheading\" data-kb-block=\"kb-adv-heading4194_d8bae1-9d\">Un parcours en ligne en \u00e9ducation aux m\u00e9dias destin\u00e9 aux enseignants, pour d\u00e9crypter comment plateformes num\u00e9riques, m\u00e9dias et producteurs de contenus sollicitent, orientent et marchandisent notre attention \u2014 et r\u00e9fl\u00e9chir \u00e0 la mani\u00e8re d\u2019accompagner les usages des \u00e9l\u00e8ves de 11 \u00e0 15 ans.<\/p>\n\n\n<style>.wp-block-kadence-advancedheading.kt-adv-heading4194_a2e87d-c5, .wp-block-kadence-advancedheading.kt-adv-heading4194_a2e87d-c5[data-kb-block=\"kb-adv-heading4194_a2e87d-c5\"]{padding-left:var(--global-kb-spacing-sm, 1.5rem);margin-left:var(--global-kb-spacing-md, 2rem);font-style:normal;border-left:3px solid var(--global-palette2, #2B6CB0);}.wp-block-kadence-advancedheading.kt-adv-heading4194_a2e87d-c5 mark.kt-highlight, .wp-block-kadence-advancedheading.kt-adv-heading4194_a2e87d-c5[data-kb-block=\"kb-adv-heading4194_a2e87d-c5\"] mark.kt-highlight{font-style:normal;color:#f76a0c;-webkit-box-decoration-break:clone;box-decoration-break:clone;padding-top:0px;padding-right:0px;padding-bottom:0px;padding-left:0px;}.wp-block-kadence-advancedheading.kt-adv-heading4194_a2e87d-c5 img.kb-inline-image, .wp-block-kadence-advancedheading.kt-adv-heading4194_a2e87d-c5[data-kb-block=\"kb-adv-heading4194_a2e87d-c5\"] img.kb-inline-image{width:150px;vertical-align:baseline;}@media all and (max-width: 1024px){.wp-block-kadence-advancedheading.kt-adv-heading4194_a2e87d-c5, .wp-block-kadence-advancedheading.kt-adv-heading4194_a2e87d-c5[data-kb-block=\"kb-adv-heading4194_a2e87d-c5\"]{border-left:3px solid var(--global-palette2, #2B6CB0);}}@media all and (max-width: 767px){.wp-block-kadence-advancedheading.kt-adv-heading4194_a2e87d-c5, .wp-block-kadence-advancedheading.kt-adv-heading4194_a2e87d-c5[data-kb-block=\"kb-adv-heading4194_a2e87d-c5\"]{border-left:3px solid var(--global-palette2, #2B6CB0);}}<\/style>\n<p class=\"kt-adv-heading4194_a2e87d-c5 wp-block-kadence-advancedheading\" data-kb-block=\"kb-adv-heading4194_a2e87d-c5\">Le&nbsp;<strong><mark style=\"background-color:rgba(0, 0, 0, 0)\" class=\"has-inline-color has-theme-palette-6-color\">module 0<\/mark><\/strong>, introductif, est un passage oblig\u00e9 pour entrer dans la formation. Les trois autres modules peuvent ensuite \u00eatre suivis librement, dans l\u2019ordre qui vous convient. Chaque module dure environ&nbsp;<strong><mark style=\"background-color:rgba(0, 0, 0, 0)\" class=\"has-inline-color has-theme-palette-6-color\">3 heures<\/mark><\/strong>&nbsp;et il n\u2019est pas n\u00e9cessaire de r\u00e9aliser l\u2019ensemble pour en tirer profit : vous pouvez choisir ceux qui r\u00e9pondent le mieux \u00e0 vos besoins.<\/p>\n<\/div><\/div>\n\n<\/div><\/div>\n\n<style>.kb-row-layout-id4194_f0df1e-e4 > .kt-row-column-wrap{align-content:start;}:where(.kb-row-layout-id4194_f0df1e-e4 > .kt-row-column-wrap) > .wp-block-kadence-column{justify-content:start;}.kb-row-layout-id4194_f0df1e-e4 > .kt-row-column-wrap{column-gap:var(--global-kb-gap-md, 2rem);row-gap:var(--global-kb-gap-md, 2rem);max-width:var( --global-content-width, 1290px );padding-left:var(--global-content-edge-padding);padding-right:var(--global-content-edge-padding);padding-top:var(--global-kb-spacing-sm, 1.5rem);padding-bottom:var(--global-kb-spacing-sm, 1.5rem);grid-template-columns:minmax(0, 1fr);}.kb-row-layout-id4194_f0df1e-e4 > .kt-row-layout-overlay{opacity:0.30;}@media all and (max-width: 1024px){.kb-row-layout-id4194_f0df1e-e4 > .kt-row-column-wrap{grid-template-columns:minmax(0, 1fr);}}@media all and (max-width: 767px){.kb-row-layout-id4194_f0df1e-e4 > .kt-row-column-wrap{grid-template-columns:minmax(0, 1fr);}}<\/style><div class=\"kb-row-layout-wrap kb-row-layout-id4194_f0df1e-e4 alignnone wp-block-kadence-rowlayout\"><div class=\"kt-row-column-wrap kt-has-1-columns kt-row-layout-equal kt-tab-layout-inherit kt-mobile-layout-row kt-row-valign-top kb-theme-content-width\">\n<style>.kadence-column4194_a404fe-29 > .kt-inside-inner-col,.kadence-column4194_a404fe-29 > .kt-inside-inner-col:before{border-top-left-radius:0px;border-top-right-radius:0px;border-bottom-right-radius:0px;border-bottom-left-radius:0px;}.kadence-column4194_a404fe-29 > .kt-inside-inner-col{column-gap:var(--global-kb-gap-sm, 1rem);}.kadence-column4194_a404fe-29 > .kt-inside-inner-col{flex-direction:column;}.kadence-column4194_a404fe-29 > .kt-inside-inner-col > .aligncenter{width:100%;}.kadence-column4194_a404fe-29 > .kt-inside-inner-col:before{opacity:0.3;}.kadence-column4194_a404fe-29{position:relative;}@media all and (max-width: 1024px){.kadence-column4194_a404fe-29 > .kt-inside-inner-col{flex-direction:column;justify-content:center;}}@media all and (max-width: 767px){.kadence-column4194_a404fe-29 > .kt-inside-inner-col{flex-direction:column;justify-content:center;}}<\/style>\n<div class=\"wp-block-kadence-column kadence-column4194_a404fe-29\"><div class=\"kt-inside-inner-col\"><!-- ld-course-grid gutenberg block begin --><div class=\"learndash-block-inner learndash-wrapper\">\t\t<div class=\"learndash-course-grid-temp-css\" style=\"display: none;\">\n\t\t\t\t#ld-cg-me78cebl0o .list &gt; .item .content .entry-title,\t#ld-cg-me78cebl0o .list &gt; .item .content .entry-title *{}\t#ld-cg-me78cebl0o .list &gt; .item .content .entry-title{color: #415fff;}\t#ld-cg-me78cebl0o .list &gt; .item .content .entry-title *{color: #415fff;}\t#ld-cg-me78cebl0o .list &gt; .item .content .entry-content{}\t#ld-cg-me78cebl0o .list &gt; .item .content .entry-content *{}\t#ld-cg-me78cebl0o .list &gt; .item .ribbon{}\t#ld-cg-me78cebl0o .list &gt; .item .ribbon,\t#ld-cg-me78cebl0o .list &gt; .item .ribbon *{color: #ffffff;}\t#ld-cg-me78cebl0o .list &gt; .item .icon{}\t#ld-cg-me78cebl0o .list &gt; .item .icon,\t#ld-cg-me78cebl0o .list &gt; .item .icon *{}\t#ld-cg-me78cebl0o .list &gt; .item .button,\t#ld-cg-me78cebl0o .list &gt; .item .button *{}\t#ld-cg-me78cebl0o .list &gt; .item .button,\t#ld-cg-me78cebl0o .list &gt; .item .button *{}\t\t<\/div>\n\t\t<div id=\"ld-cg-me78cebl0o\" class=\"learndash-course-grid \" data-page=\"1\"  data-post_type=\"sfwd-courses\" data-per_page=\"9\" data-orderby=\"title\" data-order=\"ASC\" data-taxonomies=\"\" data-enrollment_status=\"\" data-progress_status=\"\" data-group_id=\"0\" data-thumbnail=\"1\" data-thumbnail_size=\"thumbnail\" data-ribbon=\"1\" data-video=\"\" data-content=\"1\" data-title=\"1\" data-title_clickable=\"1\" data-description=\"1\" data-description_char_max=\"120\" data-button=\"1\" data-filter=\"\" data-pagination=\"button\" data-grid_height_equal=\"\" data-progress_bar=\"\" data-post_meta=\"1\" data-skin=\"list\" data-card=\"list-2\" data-columns=\"3\" data-min_column_width=\"150\" data-items_per_row=\"3\" data-font_family_title=\"\" data-font_family_description=\"\" data-font_size_title=\"\" data-font_size_description=\"\" data-font_color_title=\"#415fff\" data-font_color_description=\"\" data-background_color_title=\"\" data-background_color_description=\"\" data-background_color_ribbon=\"\" data-font_color_ribbon=\"#ffffff\" data-background_color_icon=\"\" data-font_color_icon=\"\" data-background_color_button=\"\" data-font_color_button=\"\" data-class_name=\"\" data-id=\"ld-cg-me78cebl0o\" data-filter_search=\"1\" data-filter_taxonomies=\"category, post_tag\" data-filter_price=\"\" data-filter_price_min=\"0\" data-filter_price_max=\"1000\"><div class=\"items-wrapper list\">\n\t\t\t<div class=\"item list-2\">\n\t<article id=\"post-1270\" class=\"post post-1270 sfwd-courses type-sfwd-courses status-publish has-post-thumbnail hentry\">\n\t\t\t\t\t<div class=\"thumbnail\">\n\t\t\t\t\t\t\t<div class=\"image\">\n\t\t\t\t\t<a\n\t\t\t\t\t\taria-hidden=\"true\"\n\t\t\t\t\t\thref=\"https:\/\/yourattentionplease.eu\/pt-pt\/courses\/module-0\/\"\n\t\t\t\t\t\ttabindex=\"-1\"\n\t\t\t\t\t>\n\t\t\t\t\t\t<img decoding=\"async\" width=\"150\" height=\"150\" src=\"https:\/\/yourattentionplease.eu\/wp-content\/uploads\/2025\/04\/Jeunes-et-smartphone-V1-150x150.png\" class=\"attachment-thumbnail size-thumbnail wp-post-image\" alt=\"Module 0\" srcset=\"https:\/\/yourattentionplease.eu\/wp-content\/uploads\/2025\/04\/Jeunes-et-smartphone-V1-150x150.png 150w, https:\/\/yourattentionplease.eu\/wp-content\/uploads\/2025\/04\/Jeunes-et-smartphone-V1-300x300.png 300w, https:\/\/yourattentionplease.eu\/wp-content\/uploads\/2025\/04\/Jeunes-et-smartphone-V1-1024x1024.png 1024w, https:\/\/yourattentionplease.eu\/wp-content\/uploads\/2025\/04\/Jeunes-et-smartphone-V1-768x768.png 768w, https:\/\/yourattentionplease.eu\/wp-content\/uploads\/2025\/04\/Jeunes-et-smartphone-V1.png 1080w\" sizes=\"(max-width: 150px) 100vw, 150px\" \/>\t\t\t\t\t<\/a>\n\t\t\t\t<\/div>\n\t\t\t\t\t\t<\/div>\n\t\t\t\t<div class=\"content\">\n\t\t\t<div class=\"wrapper\">\n\t\t\t\t<div class=\"title-wrapper\">\n\t\t\t\t\t\t\t\t\t\t\t<h3 class=\"entry-title\">\n\t\t\t\t\t\t\t\t\t\t\t\t\t\t\t<a href=\"https:\/\/yourattentionplease.eu\/pt-pt\/courses\/module-0\/\">\n\t\t\t\t\t\t\t\t\t\t\t\t\t\t\tModule 0\t\t\t\t\t\t\t\t\t\t\t\t\t\t\t<\/a>\n\t\t\t\t\t\t\t\t\t\t\t\t\t<\/h3>\n\t\t\t\t\t\t\t\t\t\t<div class=\"meta top-meta\">\n\t\t\t\t\t\t\t\t\t\t\t\t\t<div class=\"author\">\n\t\t\t\t\t\t\t\t<span class=\"name\">medialab<\/span>\n\t\t\t\t\t\t\t<\/div>\n\t\t\t\t\t\t\t\t\t\t\t\t\t\t\t\t\t<\/div>\n\t\t\t\t<\/div>\n\t\t\t\t\t\t\t\t\t<div class=\"ribbon\">\n\t\t\t\t\t\tGratuito\t\t\t\t\t<\/div>\n\t\t\t\t\t\t\t<\/div>\n\t\t\t\t\t\t\t\t\t\t<div class=\"meta bottom-meta\">\n\t\t\t\t\t\t\t\t\t\t\t\t\t\t\t\t<div class=\"lessons\">\n\t\t\t\t\t\t\t<span class=\"icon dashicons dashicons-text-page\"><\/span>\n\t\t\t\t\t\t\t<span>0 Lessons<\/span>\n\t\t\t\t\t\t<\/div>\n\t\t\t\t\t\t\t\t\t\t\t\t\t\t\t\t<div class=\"students\">\n\t\t\t\t\t\t\t<span class=\"icon dashicons dashicons-groups\"><\/span>\n\t\t\t\t\t\t\t<span>0 Students<\/span>\n\t\t\t\t\t\t<\/div>\n\t\t\t\t\t\t\t\t\t\t\t\t\t\t<\/div>\n\t\t\t\t\t\t\t\t<\/div>\n\t<\/article>\n<\/div>\n\t\t\t<div class=\"item list-2\">\n\t<article id=\"post-2988\" class=\"post post-2988 sfwd-courses type-sfwd-courses status-publish has-post-thumbnail hentry\">\n\t\t\t\t\t<div class=\"thumbnail\">\n\t\t\t\t\t\t\t<div class=\"image\">\n\t\t\t\t\t<a\n\t\t\t\t\t\taria-hidden=\"true\"\n\t\t\t\t\t\thref=\"https:\/\/yourattentionplease.eu\/pt-pt\/courses\/module-1\/\"\n\t\t\t\t\t\ttabindex=\"-1\"\n\t\t\t\t\t>\n\t\t\t\t\t\t<img decoding=\"async\" width=\"150\" height=\"150\" src=\"https:\/\/yourattentionplease.eu\/wp-content\/uploads\/2025\/02\/YAP_Smartphone-V3-150x150.png\" class=\"attachment-thumbnail size-thumbnail wp-post-image\" alt=\"Module 1 : Comprendre le mod\u00e8le \u00e9conomique des plateformes et r\u00e9seaux sociaux\" srcset=\"https:\/\/yourattentionplease.eu\/wp-content\/uploads\/2025\/02\/YAP_Smartphone-V3-150x150.png 150w, https:\/\/yourattentionplease.eu\/wp-content\/uploads\/2025\/02\/YAP_Smartphone-V3-300x300.png 300w, https:\/\/yourattentionplease.eu\/wp-content\/uploads\/2025\/02\/YAP_Smartphone-V3-768x768.png 768w, https:\/\/yourattentionplease.eu\/wp-content\/uploads\/2025\/02\/YAP_Smartphone-V3.png 1024w\" sizes=\"(max-width: 150px) 100vw, 150px\" \/>\t\t\t\t\t<\/a>\n\t\t\t\t<\/div>\n\t\t\t\t\t\t<\/div>\n\t\t\t\t<div class=\"content\">\n\t\t\t<div class=\"wrapper\">\n\t\t\t\t<div class=\"title-wrapper\">\n\t\t\t\t\t\t\t\t\t\t\t<h3 class=\"entry-title\">\n\t\t\t\t\t\t\t\t\t\t\t\t\t\t\t<a href=\"https:\/\/yourattentionplease.eu\/pt-pt\/courses\/module-1\/\">\n\t\t\t\t\t\t\t\t\t\t\t\t\t\t\tModule 1 : Comprendre le mod\u00e8le \u00e9conomique des plateformes et r\u00e9seaux sociaux\t\t\t\t\t\t\t\t\t\t\t\t\t\t\t<\/a>\n\t\t\t\t\t\t\t\t\t\t\t\t\t<\/h3>\n\t\t\t\t\t\t\t\t\t\t<div class=\"meta top-meta\">\n\t\t\t\t\t\t\t\t\t\t\t\t\t<div class=\"author\">\n\t\t\t\t\t\t\t\t<span class=\"name\">medialab<\/span>\n\t\t\t\t\t\t\t<\/div>\n\t\t\t\t\t\t\t\t\t\t\t\t\t\t\t\t\t<\/div>\n\t\t\t\t<\/div>\n\t\t\t\t\t\t\t\t\t<div class=\"ribbon\">\n\t\t\t\t\t\tGratuito\t\t\t\t\t<\/div>\n\t\t\t\t\t\t\t<\/div>\n\t\t\t\t\t\t\t\t\t\t<div class=\"meta bottom-meta\">\n\t\t\t\t\t\t\t\t\t\t\t\t\t\t\t\t<div class=\"lessons\">\n\t\t\t\t\t\t\t<span class=\"icon dashicons dashicons-text-page\"><\/span>\n\t\t\t\t\t\t\t<span>0 Lessons<\/span>\n\t\t\t\t\t\t<\/div>\n\t\t\t\t\t\t\t\t\t\t\t\t\t\t\t\t<div class=\"students\">\n\t\t\t\t\t\t\t<span class=\"icon dashicons dashicons-groups\"><\/span>\n\t\t\t\t\t\t\t<span>0 Students<\/span>\n\t\t\t\t\t\t<\/div>\n\t\t\t\t\t\t\t\t\t\t\t\t\t\t<\/div>\n\t\t\t\t\t\t\t\t<\/div>\n\t<\/article>\n<\/div>\n\t\t\t<div class=\"item list-2\">\n\t<article id=\"post-2992\" class=\"post post-2992 sfwd-courses type-sfwd-courses status-publish has-post-thumbnail hentry\">\n\t\t\t\t\t<div class=\"thumbnail\">\n\t\t\t\t\t\t\t<div class=\"image\">\n\t\t\t\t\t<a\n\t\t\t\t\t\taria-hidden=\"true\"\n\t\t\t\t\t\thref=\"https:\/\/yourattentionplease.eu\/pt-pt\/courses\/module-2\/\"\n\t\t\t\t\t\ttabindex=\"-1\"\n\t\t\t\t\t>\n\t\t\t\t\t\t<img decoding=\"async\" width=\"150\" height=\"150\" src=\"https:\/\/yourattentionplease.eu\/wp-content\/uploads\/2025\/02\/Scroll-150x150.png\" class=\"attachment-thumbnail size-thumbnail wp-post-image\" alt=\"Module 2 : Le Design des plateformes\" srcset=\"https:\/\/yourattentionplease.eu\/wp-content\/uploads\/2025\/02\/Scroll-150x150.png 150w, https:\/\/yourattentionplease.eu\/wp-content\/uploads\/2025\/02\/Scroll-300x300.png 300w, https:\/\/yourattentionplease.eu\/wp-content\/uploads\/2025\/02\/Scroll-1024x1024.png 1024w, https:\/\/yourattentionplease.eu\/wp-content\/uploads\/2025\/02\/Scroll-768x768.png 768w, https:\/\/yourattentionplease.eu\/wp-content\/uploads\/2025\/02\/Scroll-1536x1536.png 1536w, https:\/\/yourattentionplease.eu\/wp-content\/uploads\/2025\/02\/Scroll-2048x2048.png 2048w\" sizes=\"(max-width: 150px) 100vw, 150px\" \/>\t\t\t\t\t<\/a>\n\t\t\t\t<\/div>\n\t\t\t\t\t\t<\/div>\n\t\t\t\t<div class=\"content\">\n\t\t\t<div class=\"wrapper\">\n\t\t\t\t<div class=\"title-wrapper\">\n\t\t\t\t\t\t\t\t\t\t\t<h3 class=\"entry-title\">\n\t\t\t\t\t\t\t\t\t\t\t\t\t\t\t<a href=\"https:\/\/yourattentionplease.eu\/pt-pt\/courses\/module-2\/\">\n\t\t\t\t\t\t\t\t\t\t\t\t\t\t\tModule 2 : Le Design des plateformes\t\t\t\t\t\t\t\t\t\t\t\t\t\t\t<\/a>\n\t\t\t\t\t\t\t\t\t\t\t\t\t<\/h3>\n\t\t\t\t\t\t\t\t\t\t<div class=\"meta top-meta\">\n\t\t\t\t\t\t\t\t\t\t\t\t\t<div class=\"author\">\n\t\t\t\t\t\t\t\t<span class=\"name\">medialab<\/span>\n\t\t\t\t\t\t\t<\/div>\n\t\t\t\t\t\t\t\t\t\t\t\t\t\t\t\t\t<\/div>\n\t\t\t\t<\/div>\n\t\t\t\t\t\t\t\t\t<div class=\"ribbon\">\n\t\t\t\t\t\tGratuito\t\t\t\t\t<\/div>\n\t\t\t\t\t\t\t<\/div>\n\t\t\t\t\t\t\t\t\t\t<div class=\"meta bottom-meta\">\n\t\t\t\t\t\t\t\t\t\t\t\t\t\t\t\t<div class=\"lessons\">\n\t\t\t\t\t\t\t<span class=\"icon dashicons dashicons-text-page\"><\/span>\n\t\t\t\t\t\t\t<span>0 Lessons<\/span>\n\t\t\t\t\t\t<\/div>\n\t\t\t\t\t\t\t\t\t\t\t\t\t\t\t\t<div class=\"students\">\n\t\t\t\t\t\t\t<span class=\"icon dashicons dashicons-groups\"><\/span>\n\t\t\t\t\t\t\t<span>0 Students<\/span>\n\t\t\t\t\t\t<\/div>\n\t\t\t\t\t\t\t\t\t\t\t\t\t\t<\/div>\n\t\t\t\t\t\t\t\t<\/div>\n\t<\/article>\n<\/div>\n\t\t\t<div class=\"item list-2\">\n\t<article id=\"post-2996\" class=\"post post-2996 sfwd-courses type-sfwd-courses status-publish has-post-thumbnail hentry\">\n\t\t\t\t\t<div class=\"thumbnail\">\n\t\t\t\t\t\t\t<div class=\"image\">\n\t\t\t\t\t<a\n\t\t\t\t\t\taria-hidden=\"true\"\n\t\t\t\t\t\thref=\"https:\/\/yourattentionplease.eu\/pt-pt\/courses\/module-3-captiver-a-tout-prix-les-logiques-de-la-captation-et-leurs-effets\/\"\n\t\t\t\t\t\ttabindex=\"-1\"\n\t\t\t\t\t>\n\t\t\t\t\t\t<img decoding=\"async\" width=\"150\" height=\"150\" src=\"https:\/\/yourattentionplease.eu\/wp-content\/uploads\/2025\/08\/Floating-windows-150x150.jpg\" class=\"attachment-thumbnail size-thumbnail wp-post-image\" alt=\"M\u00f3dulo 3 \u2013 Cativar a todo custo: as l\u00f3gicas da capta\u00e7\u00e3o e seus efeitos\" srcset=\"https:\/\/yourattentionplease.eu\/wp-content\/uploads\/2025\/08\/Floating-windows-150x150.jpg 150w, https:\/\/yourattentionplease.eu\/wp-content\/uploads\/2025\/08\/Floating-windows-300x300.jpg 300w, https:\/\/yourattentionplease.eu\/wp-content\/uploads\/2025\/08\/Floating-windows-1024x1024.jpg 1024w, https:\/\/yourattentionplease.eu\/wp-content\/uploads\/2025\/08\/Floating-windows-768x768.jpg 768w, https:\/\/yourattentionplease.eu\/wp-content\/uploads\/2025\/08\/Floating-windows.jpg 1080w\" sizes=\"(max-width: 150px) 100vw, 150px\" \/>\t\t\t\t\t<\/a>\n\t\t\t\t<\/div>\n\t\t\t\t\t\t<\/div>\n\t\t\t\t<div class=\"content\">\n\t\t\t<div class=\"wrapper\">\n\t\t\t\t<div class=\"title-wrapper\">\n\t\t\t\t\t\t\t\t\t\t\t<h3 class=\"entry-title\">\n\t\t\t\t\t\t\t\t\t\t\t\t\t\t\t<a href=\"https:\/\/yourattentionplease.eu\/pt-pt\/courses\/module-3-captiver-a-tout-prix-les-logiques-de-la-captation-et-leurs-effets\/\">\n\t\t\t\t\t\t\t\t\t\t\t\t\t\t\tM\u00f3dulo 3 \u2013 Cativar a todo custo: as l\u00f3gicas da capta\u00e7\u00e3o e seus efeitos\t\t\t\t\t\t\t\t\t\t\t\t\t\t\t<\/a>\n\t\t\t\t\t\t\t\t\t\t\t\t\t<\/h3>\n\t\t\t\t\t\t\t\t\t\t<div class=\"meta top-meta\">\n\t\t\t\t\t\t\t\t\t\t\t\t\t<div class=\"author\">\n\t\t\t\t\t\t\t\t<span class=\"name\">medialab<\/span>\n\t\t\t\t\t\t\t<\/div>\n\t\t\t\t\t\t\t\t\t\t\t\t\t\t\t\t\t<\/div>\n\t\t\t\t<\/div>\n\t\t\t\t\t\t\t\t\t<div class=\"ribbon\">\n\t\t\t\t\t\tGratuito\t\t\t\t\t<\/div>\n\t\t\t\t\t\t\t<\/div>\n\t\t\t\t\t\t\t\t\t\t<div class=\"meta bottom-meta\">\n\t\t\t\t\t\t\t\t\t\t\t\t\t\t\t\t<div class=\"lessons\">\n\t\t\t\t\t\t\t<span class=\"icon dashicons dashicons-text-page\"><\/span>\n\t\t\t\t\t\t\t<span>4 Lessons<\/span>\n\t\t\t\t\t\t<\/div>\n\t\t\t\t\t\t\t\t\t\t\t\t\t\t\t\t<div class=\"students\">\n\t\t\t\t\t\t\t<span class=\"icon dashicons dashicons-groups\"><\/span>\n\t\t\t\t\t\t\t<span>0 Students<\/span>\n\t\t\t\t\t\t<\/div>\n\t\t\t\t\t\t\t\t\t\t\t\t\t\t<\/div>\n\t\t\t\t\t\t\t\t<\/div>\n\t<\/article>\n<\/div>\n\t<\/div>\n<\/div><\/div><!-- ld-course-grid gutenberg block end --><\/div><\/div>\n\n<\/div><\/div>","protected":false},"excerpt":{"rendered":"<p>Mergulhando na economia da aten\u00e7\u00e3o Un parcours en ligne en \u00e9ducation aux m\u00e9dias destin\u00e9 aux enseignants, pour d\u00e9crypter comment plateformes num\u00e9riques, m\u00e9dias et producteurs de contenus sollicitent, orientent et marchandisent notre attention \u2014 et r\u00e9fl\u00e9chir \u00e0 la mani\u00e8re d\u2019accompagner les usages des \u00e9l\u00e8ves de 11 \u00e0 15 ans. Le&nbsp;module 0, introductif, est un passage oblig\u00e9&#8230;<\/p>\n","protected":false},"author":1,"featured_media":0,"parent":0,"menu_order":0,"comment_status":"closed","ping_status":"closed","template":"","meta":{"_kad_blocks_custom_css":"","_kad_blocks_head_custom_js":"","_kad_blocks_body_custom_js":"","_kad_blocks_footer_custom_js":"","_kad_post_transparent":"default","_kad_post_title":"","_kad_post_layout":"normal","_kad_post_sidebar_id":"","_kad_post_content_style":"","_kad_post_vertical_padding":"","_kad_post_feature":"","_kad_post_feature_position":"","_kad_post_header":false,"_kad_post_footer":false,"_kad_post_classname":"","footnotes":""},"class_list":["post-4194","page","type-page","status-publish","hentry"],"taxonomy_info":[],"featured_image_src_large":false,"author_info":{"display_name":"medialab","author_link":"https:\/\/yourattentionplease.eu\/pt-pt\/author\/medialab\/"},"comment_info":0,"_links":{"self":[{"href":"https:\/\/yourattentionplease.eu\/pt-pt\/wp-json\/wp\/v2\/pages\/4194","targetHints":{"allow":["GET"]}}],"collection":[{"href":"https:\/\/yourattentionplease.eu\/pt-pt\/wp-json\/wp\/v2\/pages"}],"about":[{"href":"https:\/\/yourattentionplease.eu\/pt-pt\/wp-json\/wp\/v2\/types\/page"}],"author":[{"embeddable":true,"href":"https:\/\/yourattentionplease.eu\/pt-pt\/wp-json\/wp\/v2\/users\/1"}],"replies":[{"embeddable":true,"href":"https:\/\/yourattentionplease.eu\/pt-pt\/wp-json\/wp\/v2\/comments?post=4194"}],"version-history":[{"count":2,"href":"https:\/\/yourattentionplease.eu\/pt-pt\/wp-json\/wp\/v2\/pages\/4194\/revisions"}],"predecessor-version":[{"id":4203,"href":"https:\/\/yourattentionplease.eu\/pt-pt\/wp-json\/wp\/v2\/pages\/4194\/revisions\/4203"}],"wp:attachment":[{"href":"https:\/\/yourattentionplease.eu\/pt-pt\/wp-json\/wp\/v2\/media?parent=4194"}],"curies":[{"name":"wp","href":"https:\/\/api.w.org\/{rel}","templated":true}]}}